{"id":89,"date":"2022-09-24T15:38:11","date_gmt":"2022-09-24T13:38:11","guid":{"rendered":"http:\/\/stmrefs.cluster029.hosting.ovh.net\/?page_id=89"},"modified":"2024-05-14T15:44:18","modified_gmt":"2024-05-14T13:44:18","slug":"deroule-dune-seance","status":"publish","type":"page","link":"https:\/\/www.stmreflexologie.com\/index.php\/deroule-dune-seance\/","title":{"rendered":"D\u00e9roul\u00e9 d&rsquo;une s\u00e9ance"},"content":{"rendered":"<p>Pour une s\u00e9ance de r\u00e9flexologie plantaire, cranio-faciale ou un massage kobido, je me d\u00e9place \u00e0 votre domicile avec mon fauteuil relax.<\/p>\r\n<p><!-- \/wp:post-content -->\r\n\r\n<!-- wp:paragraph --><\/p>\r\n<p>J&rsquo;am\u00e8ne mes serviettes, mes huiles : amande douce, jojoba ou s\u00e9same. Bio, bien entendu !<\/p>\r\n<p><!-- \/wp:paragraph -->\r\n\r\n<!-- wp:paragraph \/-->\r\n\r\n<!-- wp:paragraph \/-->\r\n\r\n<!-- wp:paragraph --><\/p>\r\n<p>Avant le d\u00e9but de la s\u00e9ance, nous avons un petit entretien pour \u00e9voquer vos attentes vis \u00e0 vis du soin. Et afin que je d\u00e9finisse un protocole en fonction de vos besoins.<\/p>\r\n<p>R\u00e9flexologie ou massage kobido, toutes les s\u00e9ances sont personnalisables.<\/p>\r\n<p>&nbsp;<\/p>\r\n<p><img loading=\"lazy\" decoding=\"async\" class=\"size-full wp-image-138\" src=\"http:\/\/stmrefs.cluster029.hosting.ovh.net\/wp-content\/uploads\/2024\/05\/IMG_0273.jpg\" alt=\"\" width=\"750\" height=\"536\" srcset=\"https:\/\/www.stmreflexologie.com\/wp-content\/uploads\/2024\/05\/IMG_0273.jpg 750w, https:\/\/www.stmreflexologie.com\/wp-content\/uploads\/2024\/05\/IMG_0273-300x214.jpg 300w\" sizes=\"auto, (max-width: 750px) 100vw, 750px\" \/><\/p>\r\n<!-- wp:paragraph \/-->","protected":false},"excerpt":{"rendered":"<p>Pour une s\u00e9ance de r\u00e9flexologie plantaire, cranio-faciale ou un massage kobido, je me d\u00e9place \u00e0 votre domicile avec mon fauteuil relax. J&rsquo;am\u00e8ne mes serviettes, mes huiles : amande douce, jojoba &hellip; <\/p>\n","protected":false},"author":1,"featured_media":0,"parent":0,"menu_order":0,"comment_status":"closed","ping_status":"closed","template":"","meta":{"footnotes":""},"class_list":["post-89","page","type-page","status-publish","hentry"],"_links":{"self":[{"href":"https:\/\/www.stmreflexologie.com\/index.php\/wp-json\/wp\/v2\/pages\/89","targetHints":{"allow":["GET"]}}],"collection":[{"href":"https:\/\/www.stmreflexologie.com\/index.php\/wp-json\/wp\/v2\/pages"}],"about":[{"href":"https:\/\/www.stmreflexologie.com\/index.php\/wp-json\/wp\/v2\/types\/page"}],"author":[{"embeddable":true,"href":"https:\/\/www.stmreflexologie.com\/index.php\/wp-json\/wp\/v2\/users\/1"}],"replies":[{"embeddable":true,"href":"https:\/\/www.stmreflexologie.com\/index.php\/wp-json\/wp\/v2\/comments?post=89"}],"version-history":[{"count":8,"href":"https:\/\/www.stmreflexologie.com\/index.php\/wp-json\/wp\/v2\/pages\/89\/revisions"}],"predecessor-version":[{"id":168,"href":"https:\/\/www.stmreflexologie.com\/index.php\/wp-json\/wp\/v2\/pages\/89\/revisions\/168"}],"wp:attachment":[{"href":"https:\/\/www.stmreflexologie.com\/index.php\/wp-json\/wp\/v2\/media?parent=89"}],"curies":[{"name":"wp","href":"https:\/\/api.w.org\/{rel}","templated":true}]}}