{"id":76,"date":"2022-06-26T08:44:31","date_gmt":"2022-06-26T06:44:31","guid":{"rendered":"http:\/\/stmrefs.cluster029.hosting.ovh.net\/?page_id=76"},"modified":"2024-05-17T20:06:52","modified_gmt":"2024-05-17T18:06:52","slug":"livre-dor","status":"publish","type":"page","link":"https:\/\/www.stmreflexologie.com\/index.php\/livre-dor\/","title":{"rendered":"Vos avis"},"content":{"rendered":"<div class=\"gwolle-gb\"><div class=\"gwolle-gb-messages-top-container\"><\/div>\n\t\t\t<div class=\"gwolle-gb-write-button\">\n\t\t\t\t<input type=\"button\" name=\"gwolle-gb-write-button\" class=\"button btn btn-default \" value=\"\u00c9crire un nouveau message\" aria-expanded=\"false\" \/>\n\t\t\t<\/div>\n\t\t\t<form action=\"#\" method=\"POST\" class=\"gwolle-gb-write gwolle-gb-hide gwolle-gb-float gwolle-gb-form-ajax gwolle-gb-ajax gwolle-gb-not-logged-in\">\n\t\t\t\t<h3>\u00c9crivez un nouveau message dans le livre d\u2019or<\/h3>\n\t\t\t\t<button type=\"button\" class=\"gb-notice-dismiss\">x<span class=\"screen-reader-text\">Masquer ce formulaire.<\/span><\/button>\n\t\t\t\n\t\t\t\t<input type=\"hidden\" name=\"gwolle_gb_function\" class=\"gwolle_gb_function\" value=\"add_entry\" \/><input type=\"hidden\" name=\"gwolle_gb_book_id\" class=\"gwolle_gb_book_id\" value=\"1\" \/><div class=\"gwolle_gb_e74b8f55243e59d9cbd974b063279b14\">\n\t\t\t\t<div class=\"label\"><label for=\"gwolle_gb_e74b8f55243e59d9cbd974b063279b14-1\" class=\"text-info\">Nom <span class=\"required\">*<\/span><\/label><\/div>\n\t\t\t\t<div class=\"input\"><input class=\"wp-exclude-emoji gwolle_gb_e74b8f55243e59d9cbd974b063279b14\" value=\"\" type=\"text\" id=\"gwolle_gb_e74b8f55243e59d9cbd974b063279b14-1\" name=\"gwolle_gb_e74b8f55243e59d9cbd974b063279b14\" required \/><\/div>\n\t\t\t\t<div class=\"clearBoth\">&nbsp;<\/div>\n\t\t\t<\/div><div class=\"gwolle_gb_5d14d27cfec25e3fac39e3ea1e619a2a\">\n\t\t\t\t\t<div class=\"label\"><label for=\"gwolle_gb_5d14d27cfec25e3fac39e3ea1e619a2a-1\" class=\"text-info\">Ville <span class=\"required\">*<\/span><\/label><\/div>\n\t\t\t\t\t<div class=\"input\"><input class=\"wp-exclude-emoji gwolle_gb_5d14d27cfec25e3fac39e3ea1e619a2a\" value=\"\" type=\"text\" id=\"gwolle_gb_5d14d27cfec25e3fac39e3ea1e619a2a-1\" name=\"gwolle_gb_5d14d27cfec25e3fac39e3ea1e619a2a\" required \/><\/div>\n\t\t\t\t\t<div class=\"clearBoth\">&nbsp;<\/div>\n\t\t\t\t<\/div><div class=\"gwolle_gb_e9747b9eea5658844ae9877764210de0\">\n\t\t\t\t<div class=\"label\"><label for=\"gwolle_gb_e9747b9eea5658844ae9877764210de0-1\" class=\"text-info\">E-mail <span class=\"required\">*<\/span><\/label><\/div>\n\t\t\t\t<div class=\"input\"><input class=\"gwolle_gb_e9747b9eea5658844ae9877764210de0\" value=\"\" type=\"email\" id=\"gwolle_gb_e9747b9eea5658844ae9877764210de0-1\" name=\"gwolle_gb_e9747b9eea5658844ae9877764210de0\" required \/><\/div>\n\t\t\t\t<div class=\"clearBoth\">&nbsp;<\/div>\n\t\t\t<\/div>\n\t\t\t<div class=\"gwolle_gb_ce65901f7b989edeeac89d740a1477ea\" style=\"display:none;overflow:hidden;\" hidden=\"true\" aria-hidden=\"true\">\n\t\t\t\t<div class=\"label\">\n\t\t\t\t\t<label for=\"gwolle_gb_ce65901f7b989edeeac89d740a1477ea-1\" class=\"text-primary\">Ne touchez pas \u00e0 ceci<\/label>\n\t\t\t\t\t<label for=\"gwolle_gb_198195e25e5619c24a4351fce9502608-1\" class=\"text-primary\">Ne touchez pas \u00e0 ceci<\/label>\n\t\t\t\t<\/div>\n\t\t\t\t<div class=\"input\">\n\t\t\t\t\t<input value=\"5\" type=\"text\" id=\"gwolle_gb_ce65901f7b989edeeac89d740a1477ea-1\" name=\"gwolle_gb_ce65901f7b989edeeac89d740a1477ea\" class=\"gwolle_gb_ce65901f7b989edeeac89d740a1477ea\" style=\"transform: translateY(10000px);\" \/>\n\t\t\t\t\t<input value=\"\" type=\"text\" name=\"gwolle_gb_198195e25e5619c24a4351fce9502608\" id=\"gwolle_gb_198195e25e5619c24a4351fce9502608-1\" class=\"gwolle_gb_198195e25e5619c24a4351fce9502608\" style=\"transform: translateY(10000px);\" \/>\n\t\t\t\t<\/div>\n\t\t\t\t<div class=\"clearBoth\"><\/div>\n\t\t\t<\/div>\n\t\t\t<div class=\"gwolle_gb_3d304c2641aa414b3301742957beaafe\" style=\"display:none;overflow:hidden;\" hidden=\"true\" aria-hidden=\"true\">\n\t\t\t\t<div class=\"label\">\n\t\t\t\t\t<label for=\"gwolle_gb_3d304c2641aa414b3301742957beaafe-1\" class=\"text-primary\">Ne touchez pas \u00e0 ceci<\/label>\n\t\t\t\t\t<label for=\"gwolle_gb_6ea2df4904b18e1e056075c92a63502c-1\" class=\"text-primary\">Ne touchez pas \u00e0 ceci<\/label>\n\t\t\t\t<\/div>\n\t\t\t\t<div class=\"input\">\n\t\t\t\t\t<input value=\"20540\" type=\"text\" id=\"gwolle_gb_3d304c2641aa414b3301742957beaafe-1\" name=\"gwolle_gb_3d304c2641aa414b3301742957beaafe\" class=\"gwolle_gb_3d304c2641aa414b3301742957beaafe\" style=\"transform: translateY(10000px);\" \/>\n\t\t\t\t\t<input value=\"20540\" type=\"text\"id=\"gwolle_gb_6ea2df4904b18e1e056075c92a63502c-1\" name=\"gwolle_gb_6ea2df4904b18e1e056075c92a63502c\" class=\"gwolle_gb_6ea2df4904b18e1e056075c92a63502c\" style=\"transform: translateY(10000px);\" \/>\n\t\t\t\t<\/div>\n\t\t\t\t<div class=\"clearBoth\"><\/div>\n\t\t\t<\/div><div class=\"gwolle_gb_content\">\n\t\t\t\t<div class=\"label\"><label for=\"gwolle_gb_content-1\" class=\"text-info\">Message du livre d\u2019or <span class=\"required\">*<\/span><\/label><\/div>\n\t\t\t\t<div class=\"input\"><textarea id=\"gwolle_gb_content-1\" name=\"gwolle_gb_content\" class=\"gwolle_gb_content wp-exclude-emoji maxlength maxlength-250\" required ><\/textarea><span class=\"gb-max-length-text\"><span class=\"gb-used-characters\">0<\/span>\/<span class=\"gb-max-characters\">250<\/span> caract\u00e8res<\/span><\/div>\n\t\t\t\t\t<div class=\"clearBoth\">&nbsp;<\/div>\n\t\t\t\t<\/div>\n\t\t\t\t<div class=\"gwolle_gb_antispam gwolle-gb-antispam\">\n\t\t\t\t\t<div class=\"label\">\n\t\t\t\t\t\t<label for=\"gwolle_gb_ace985136a897b0608a249cec9eccb47-1\" class=\"text-info\">Question\u00a0: 12 + six = <span class=\"required\">*<\/span><\/label>\n\t\t\t\t\t<\/div>\n\t\t\t\t\t<div class=\"input\"><input class=\"gwolle_gb_ace985136a897b0608a249cec9eccb47\" value=\"\" type=\"text\" id=\"gwolle_gb_ace985136a897b0608a249cec9eccb47-1\" name=\"gwolle_gb_ace985136a897b0608a249cec9eccb47\" required \/>\n\t\t\t\t\t\t<\/div>\n\t\t\t\t\t\t<div class=\"clearBoth\">&nbsp;<\/div>\n\t\t\t\t\t<\/div>\n\t\t\t\t<div class=\"gwolle_gb_privacy gwolle-gb-privacy\">\n\t\t\t\t\t<div class=\"label\"><label for=\"gwolle_gb_privacy-1\" class=\"text-info\">J\u2019accepte  la <a href=\"https:\/\/www.stmreflexologie.com\/index.php\/politique-de-confidentialite\/\" title=\"Lire la Politique de confidentialit\u00e9\" target=\"_blank\">politique de confidentialit\u00e9<\/a> <span class=\"required\">*<\/span><\/label><\/div>\n\t\t\t\t\t<div class=\"input\"><input type=\"checkbox\" id=\"gwolle_gb_privacy-1\" name=\"gwolle_gb_privacy\" class=\"gwolle_gb_privacy\" required \/><\/div>\n\t\t\t\t\t<div class=\"clearBoth\">&nbsp;<\/div>\n\t\t\t\t<\/div><input type=\"hidden\" class=\"gwolle_gb_8b05ed5574e3a1a7fbe326066585eee2\" id=\"gwolle_gb_8b05ed5574e3a1a7fbe326066585eee2-1\" name=\"gwolle_gb_8b05ed5574e3a1a7fbe326066585eee2\" value=\"b5eb113c3c\" \/>\n\t\t\t<div class=\"gwolle-gb-messages-bottom-container\"><\/div>\n\n\t\t\t<noscript><div class=\"no-js\">Avertissement\u00a0: Ce formulaire ne peut \u00eatre utilis\u00e9 que si JavaScript est activ\u00e9 dans votre navigateur.<\/div><\/noscript>\n\n\t\t\t<div class=\"gwolle_gb_submit gwolle-gb-submit\">\n\t\t\t\t<div class=\"label gwolle-gb-invisible text-muted\">&nbsp;<\/div>\n\t\t\t\t<div class=\"input\">\n\t\t\t\t\t<input type=\"submit\" name=\"gwolle_gb_submit\" class=\"gwolle_gb_submit button btn btn-primary \" value=\"Envoyer\" \/>\n\t\t\t\t\t<span class=\"gwolle_gb_submit_ajax_icon gwolle-gb-submit-ajax-icon\"><\/span>\n\t\t\t\n\t\t\t\t<\/div>\n\t\t\t\t<div class=\"clearBoth\">&nbsp;<\/div>\n\t\t\t<\/div>\n\n\t\t\t<div class=\"gwolle_gb_notice gwolle-gb-notice\">\n\t\t\t\tLes champs marqu\u00e9s avec un * sont obligatoires.<br \/>\r\nVotre adresse e-mail ne sera pas publi\u00e9e.<br \/>\r\nIl se pourrait que votre message n\u2019apparaisse dans le livre d\u2019or qu\u2019apr\u00e8s que nous l\u2019ayons v\u00e9rifi\u00e9.<br \/>\r\nNous nous r\u00e9servons le droit de modifier, de supprimer, ou de ne pas publier les messages.\n\t\t\t<\/div><\/form><div class=\"gwolle-gb-read gwolle-gb-ajax gwolle-gb-entries-list\" data-book_id=\"1\" data-page_id=\"1\">\n\t\t<div id=\"gwolle-gb-total\" class=\"gwolle-gb-total\">2 messages.<\/div><!-- Gwolle-GB Entry: Default Template Loaded -->\n\t\t\t\t<div class=\"gb-entry gb-entry_4 gb-entry-count_1 gwolle-gb-uneven gwolle-gb-first\" id=\"gb-entry_4\" data-entry_id=\"4\">\n\t\t\t\t<article>\n\t\t\t\t\t<div class=\"gb-author-info\">\n\t\t\t\t\t\t<span class=\"gb-author-avatar\"><img referrerpolicy=\"no-referrer\" alt='Mazieres Genevieve' src='https:\/\/secure.gravatar.com\/avatar\/97a96f81ef65fb7ac81affddbea25286f75255d9378d2958081f464ab207a509?s=32&#038;d=mm&#038;r=g' srcset='https:\/\/secure.gravatar.com\/avatar\/97a96f81ef65fb7ac81affddbea25286f75255d9378d2958081f464ab207a509?s=64&#038;d=mm&#038;r=g 2x' class='avatar avatar-32 photo' height='32' width='32' \/><\/span>\n\t\t\t\t\t\t<span class=\"gb-author-name\">Mazieres Genevieve\n\t\t\t\t\t\t<\/span>\n\t\t\t\t\t\t<span class=\"gb-author-origin\">\n\t\t\t\t\t\t\t<span class=\"gb-author-origin-from-text\"> de<\/span>\n\t\t\t\t\t\t\t<span class=\"gb-author-origin-text\"> Caen<\/span>\n\t\t\t\t\t\t<\/span>\n\t\t\t\t\t\t<span class=\"gb-datetime\">\n\t\t\t\t\t\t\t<span class=\"gb-date\"><span class=\"gb-date-wrote-text\"> a \u00e9crit le<\/span><span class=\"gb-date-text\"> 23 mai 2024<\/span>\n\t\t\t\t\t\t\t<\/span><span class=\"gb-time\">\n\t\t\t\t\t\t\t\t\t<span class=\"gb-time-at-text\"> \u00e0<\/span>\n\t\t\t\t\t\t\t\t\t<span class=\"gb-time-text\"> 11 h 43 min<\/span>\n\t\t\t\t\t\t\t\t<\/span>\n\t\t\t\t\t\t<\/span> \n\t\t\t\t\t<\/div>\n\t\t\t\t\t<div class=\"gb-entry-content\">Depuis plusieurs mois, s\u00e9ances de reflexo plantaires pour mes douleurs d arthrose et de sommeil, cela m aide vraiment et je remercie St\u00e9phanie pour sa bienveillance et son professionnalisme !\n\t\t\t\t\t<\/div>\n\t\t\t\t<\/article>\n\t\t\t<\/div>\n\t\t\t<div class=\"gb-entry gb-entry_3 gb-entry-count_2 gwolle-gb-even\" id=\"gb-entry_3\" data-entry_id=\"3\">\n\t\t\t\t<article>\n\t\t\t\t\t<div class=\"gb-author-info\">\n\t\t\t\t\t\t<span class=\"gb-author-avatar\"><img referrerpolicy=\"no-referrer\" alt='Marie Desfontaine' src='https:\/\/secure.gravatar.com\/avatar\/23ca8c4a51a3bc788517ad5af4f495d832366ffa100febd1d6e13ab80e968186?s=32&#038;d=mm&#038;r=g' srcset='https:\/\/secure.gravatar.com\/avatar\/23ca8c4a51a3bc788517ad5af4f495d832366ffa100febd1d6e13ab80e968186?s=64&#038;d=mm&#038;r=g 2x' class='avatar avatar-32 photo' height='32' width='32' \/><\/span>\n\t\t\t\t\t\t<span class=\"gb-author-name\">Marie Desfontaine\n\t\t\t\t\t\t<\/span>\n\t\t\t\t\t\t<span class=\"gb-author-origin\">\n\t\t\t\t\t\t\t<span class=\"gb-author-origin-from-text\"> de<\/span>\n\t\t\t\t\t\t\t<span class=\"gb-author-origin-text\"> Deauville<\/span>\n\t\t\t\t\t\t<\/span>\n\t\t\t\t\t\t<span class=\"gb-datetime\">\n\t\t\t\t\t\t\t<span class=\"gb-date\"><span class=\"gb-date-wrote-text\"> a \u00e9crit le<\/span><span class=\"gb-date-text\"> 25 avril 2023<\/span>\n\t\t\t\t\t\t\t<\/span><span class=\"gb-time\">\n\t\t\t\t\t\t\t\t\t<span class=\"gb-time-at-text\"> \u00e0<\/span>\n\t\t\t\t\t\t\t\t\t<span class=\"gb-time-text\"> 22 h 21 min<\/span>\n\t\t\t\t\t\t\t\t<\/span>\n\t\t\t\t\t\t<\/span> \n\t\t\t\t\t<\/div>\n\t\t\t\t\t<div class=\"gb-entry-content\">Merci pour ce moment bien \u00eatre\n\t\t\t\t\t<\/div>\n\t\t\t\t<\/article>\n\t\t\t<\/div>\n\t\t\t<\/div><\/div>\n","protected":false},"excerpt":{"rendered":"","protected":false},"author":1,"featured_media":0,"parent":0,"menu_order":0,"comment_status":"closed","ping_status":"closed","template":"","meta":{"footnotes":""},"class_list":["post-76","page","type-page","status-publish","hentry"],"_links":{"self":[{"href":"https:\/\/www.stmreflexologie.com\/index.php\/wp-json\/wp\/v2\/pages\/76","targetHints":{"allow":["GET"]}}],"collection":[{"href":"https:\/\/www.stmreflexologie.com\/index.php\/wp-json\/wp\/v2\/pages"}],"about":[{"href":"https:\/\/www.stmreflexologie.com\/index.php\/wp-json\/wp\/v2\/types\/page"}],"author":[{"embeddable":true,"href":"https:\/\/www.stmreflexologie.com\/index.php\/wp-json\/wp\/v2\/users\/1"}],"replies":[{"embeddable":true,"href":"https:\/\/www.stmreflexologie.com\/index.php\/wp-json\/wp\/v2\/comments?post=76"}],"version-history":[{"count":3,"href":"https:\/\/www.stmreflexologie.com\/index.php\/wp-json\/wp\/v2\/pages\/76\/revisions"}],"predecessor-version":[{"id":286,"href":"https:\/\/www.stmreflexologie.com\/index.php\/wp-json\/wp\/v2\/pages\/76\/revisions\/286"}],"wp:attachment":[{"href":"https:\/\/www.stmreflexologie.com\/index.php\/wp-json\/wp\/v2\/media?parent=76"}],"curies":[{"name":"wp","href":"https:\/\/api.w.org\/{rel}","templated":true}]}}