{"id":44,"date":"2020-10-15T22:14:39","date_gmt":"2020-10-15T20:14:39","guid":{"rendered":"http:\/\/stmrefs.cluster029.hosting.ovh.net\/?page_id=44"},"modified":"2024-05-20T21:30:17","modified_gmt":"2024-05-20T19:30:17","slug":"quest-ce-que-la-reflexologie","status":"publish","type":"page","link":"https:\/\/www.stmreflexologie.com\/index.php\/quest-ce-que-la-reflexologie\/","title":{"rendered":"Qu&rsquo;est-ce que la r\u00e9flexologie ?"},"content":{"rendered":"\r\n<p>Branche de la m\u00e9decine traditionnelle chinoise, la r\u00e9flexologie est une pratique douce, naturelle et mill\u00e9naire. Elle \u00e9tait d\u00e9j\u00e0 pratiqu\u00e9e dans l&rsquo;antiquit\u00e9 en Chine, en Egypte et par les am\u00e9rindiens.<\/p>\r\n<p>Aussi appel\u00e9e acupuncture sans aiguille, la r\u00e9flexologie est une pratique d&rsquo;acupression, bas\u00e9e sur le principe qu&rsquo;il existe des zones r\u00e9flexes sur les pieds, les mains, les oreilles, la t\u00eate et le visage, correspondants \u00e0 tous les organes, glandes et parties du corps.<\/p>\r\n\r\n\r\n\r\n<p>Permettant de relancer le QI, l&rsquo;\u00e9nergie vitale, et apportant d\u00e9tente et bien-\u00eatre d\u00e8s le premier rendez-vous, l&rsquo;objectif est de retrouver un \u00e9tat d&rsquo;\u00e9quilibre naturel du corps.<\/p>\r\n\r\n\r\n\r\n<blockquote class=\"wp-block-quote is-layout-flow wp-block-quote-is-layout-flow\">\r\n<p>La r\u00e9flexologie est une pratique de soin compl\u00e9mentaire reconnue par l&rsquo;OMS.<\/p>\r\n<p>&nbsp;<\/p>\r\n<p>N\u00e9anmoins, la r\u00e9flexologie ne se substitue pas \u00e0 un suivi m\u00e9dical avec votre m\u00e9decin traitant.<\/p>\r\n<\/blockquote>\r\n\r\n\r\n\r\n\r\n\r\n<div class=\"wp-block-media-text alignwide is-stacked-on-mobile\" style=\"grid-template-columns: 45% auto;\">\r\n<figure class=\"wp-block-media-text__media\">\r\n<p><img loading=\"lazy\" decoding=\"async\" class=\"wp-image-155 size-full\" src=\"http:\/\/stmrefs.cluster029.hosting.ovh.net\/wp-content\/uploads\/2024\/05\/IMG_0269.jpg\" alt=\"\" width=\"750\" height=\"598\" srcset=\"https:\/\/www.stmreflexologie.com\/wp-content\/uploads\/2024\/05\/IMG_0269.jpg 750w, https:\/\/www.stmreflexologie.com\/wp-content\/uploads\/2024\/05\/IMG_0269-300x239.jpg 300w\" sizes=\"auto, (max-width: 750px) 100vw, 750px\" \/><\/p>\r\n<\/figure>\r\n<div class=\"wp-block-media-text__content\">\r\n<p class=\"has-large-font-size\">En chinois, le mot pied signifie litt\u00e9ralement \u00ab\u00a0partie du corps qui sauvegarde la sant\u00e9\u00a0\u00bb<\/p>\r\n<\/div>\r\n<\/div>\r\n\r\n\r\n\r\n<p><strong>La r\u00e9flexologie pour qui ?<\/strong><\/p>\r\n\r\n\r\n\r\n<p>La r\u00e9flexologie s&rsquo;adresse \u00e0 tout le monde, du nourrisson d\u00e8s 3 semaines, \u00e0 la personne \u00e2g\u00e9e, \u00e0 la femme enceinte de 3 mois r\u00e9volus, au sportif&#8230;<\/p>\r\n<h4>Les contres indications :<\/h4>\r\n<p>. Phl\u00e9bites, probl\u00e8mes circulatoires en cours ou r\u00e9cents.<\/p>\r\n<p>. Femme enceinte de moins de 3 mois r\u00e9volus.<\/p>\r\n<p>. Traumatisme ou chirurgie r\u00e9cente du pied.<\/p>\r\n","protected":false},"excerpt":{"rendered":"<p>Branche de la m\u00e9decine traditionnelle chinoise, la r\u00e9flexologie est une pratique douce, naturelle et mill\u00e9naire. Elle \u00e9tait d\u00e9j\u00e0 pratiqu\u00e9e dans l&rsquo;antiquit\u00e9 en Chine, en Egypte et par les am\u00e9rindiens. Aussi &hellip; <\/p>\n","protected":false},"author":1,"featured_media":0,"parent":0,"menu_order":0,"comment_status":"closed","ping_status":"closed","template":"","meta":{"footnotes":""},"class_list":["post-44","page","type-page","status-publish","hentry"],"_links":{"self":[{"href":"https:\/\/www.stmreflexologie.com\/index.php\/wp-json\/wp\/v2\/pages\/44","targetHints":{"allow":["GET"]}}],"collection":[{"href":"https:\/\/www.stmreflexologie.com\/index.php\/wp-json\/wp\/v2\/pages"}],"about":[{"href":"https:\/\/www.stmreflexologie.com\/index.php\/wp-json\/wp\/v2\/types\/page"}],"author":[{"embeddable":true,"href":"https:\/\/www.stmreflexologie.com\/index.php\/wp-json\/wp\/v2\/users\/1"}],"replies":[{"embeddable":true,"href":"https:\/\/www.stmreflexologie.com\/index.php\/wp-json\/wp\/v2\/comments?post=44"}],"version-history":[{"count":10,"href":"https:\/\/www.stmreflexologie.com\/index.php\/wp-json\/wp\/v2\/pages\/44\/revisions"}],"predecessor-version":[{"id":287,"href":"https:\/\/www.stmreflexologie.com\/index.php\/wp-json\/wp\/v2\/pages\/44\/revisions\/287"}],"wp:attachment":[{"href":"https:\/\/www.stmreflexologie.com\/index.php\/wp-json\/wp\/v2\/media?parent=44"}],"curies":[{"name":"wp","href":"https:\/\/api.w.org\/{rel}","templated":true}]}}