{"id":30,"date":"2020-10-15T21:31:20","date_gmt":"2020-10-15T19:31:20","guid":{"rendered":"http:\/\/stmrefs.cluster029.hosting.ovh.net\/?page_id=30"},"modified":"2024-05-14T15:22:39","modified_gmt":"2024-05-14T13:22:39","slug":"30-2","status":"publish","type":"page","link":"https:\/\/www.stmreflexologie.com\/index.php\/30-2\/","title":{"rendered":"Qui suis-je ?"},"content":{"rendered":"\r\n<p>Je m&rsquo;appelle St\u00e9phanie MARCHIVE<\/p>\r\n\r\n\r\n\r\n<p>Apr\u00e8s dix ans a exercer dans le secteur param\u00e9dical, riche de rencontres et de moments forts, je ressens l&rsquo;envie de prendre soin des gens autrement.<\/p>\r\n\r\n\r\n\r\n<p>Je d\u00e9couvre les bienfaits de la r\u00e9flexologie par le biais d&rsquo;une carte cadeau. C&rsquo;est une r\u00e9v\u00e9lation !<\/p>\r\n\r\n\r\n\r\n<p>Je me forme en r\u00e9flexologie plantaire, palmaire et adapt\u00e9e aux nourrissons en 2019, aupr\u00e8s de Claire Richard, \u00e0 l&rsquo;\u00e9cole de r\u00e9flexologie occidentale.<\/p>\r\n<p>Je compl\u00e8te ma formation en r\u00e9flexologie cranio-faciale en 2023, toujours avec l&rsquo;\u00e9cole de r\u00e9flexologie occidentale.<\/p>\r\n<p>Et en 2024, je me forme au kobido, \u00e0 l\u2019\u00e9cole de massages Fit\u2019n zen.<\/p>\r\n<p>C\u2019est un bonheur pour moi que de prendre soin de vous, de vous proposer et de vous prodiguer les meilleures s\u00e9ances dont je sois capable\u00a0!<\/p>\r\n<p>Je suis \u00e9galement inscrite au syndicat professionnel des r\u00e9flexologues.<\/p>\r\n\r\n\r\n\r\n<div class=\"wp-block-image is-style-default\">\r\n<figure class=\"alignleft size-large is-resized\">\r\n<figure id=\"attachment_135\" aria-describedby=\"caption-attachment-135\" style=\"width: 601px\" class=\"wp-caption alignnone\"><img loading=\"lazy\" decoding=\"async\" class=\"wp-image-135 size-full\" src=\"http:\/\/stmrefs.cluster029.hosting.ovh.net\/wp-content\/uploads\/2024\/05\/IMG_7411.jpg\" alt=\"\" width=\"601\" height=\"934\" srcset=\"https:\/\/www.stmreflexologie.com\/wp-content\/uploads\/2024\/05\/IMG_7411.jpg 601w, https:\/\/www.stmreflexologie.com\/wp-content\/uploads\/2024\/05\/IMG_7411-193x300.jpg 193w\" sizes=\"auto, (max-width: 601px) 100vw, 601px\" \/><figcaption id=\"caption-attachment-135\" class=\"wp-caption-text\">Cr\u00e9dit photo : Fanny RADZ Photographie<\/figcaption><\/figure>\r\n<\/figure>\r\n<\/div>\r\n\r\n\r\n\r\n\r\n\r\n<p>&nbsp;<\/p>\r\n\r\n\r\n\r\n<p>&nbsp;<\/p>\r\n","protected":false},"excerpt":{"rendered":"<p>Je m&rsquo;appelle St\u00e9phanie MARCHIVE Apr\u00e8s dix ans a exercer dans le secteur param\u00e9dical, riche de rencontres et de moments forts, je ressens l&rsquo;envie de prendre soin des gens autrement. Je &hellip; <\/p>\n","protected":false},"author":1,"featured_media":0,"parent":0,"menu_order":0,"comment_status":"closed","ping_status":"closed","template":"template-left-sidebar.php","meta":{"footnotes":""},"class_list":["post-30","page","type-page","status-publish","hentry"],"_links":{"self":[{"href":"https:\/\/www.stmreflexologie.com\/index.php\/wp-json\/wp\/v2\/pages\/30","targetHints":{"allow":["GET"]}}],"collection":[{"href":"https:\/\/www.stmreflexologie.com\/index.php\/wp-json\/wp\/v2\/pages"}],"about":[{"href":"https:\/\/www.stmreflexologie.com\/index.php\/wp-json\/wp\/v2\/types\/page"}],"author":[{"embeddable":true,"href":"https:\/\/www.stmreflexologie.com\/index.php\/wp-json\/wp\/v2\/users\/1"}],"replies":[{"embeddable":true,"href":"https:\/\/www.stmreflexologie.com\/index.php\/wp-json\/wp\/v2\/comments?post=30"}],"version-history":[{"count":16,"href":"https:\/\/www.stmreflexologie.com\/index.php\/wp-json\/wp\/v2\/pages\/30\/revisions"}],"predecessor-version":[{"id":162,"href":"https:\/\/www.stmreflexologie.com\/index.php\/wp-json\/wp\/v2\/pages\/30\/revisions\/162"}],"wp:attachment":[{"href":"https:\/\/www.stmreflexologie.com\/index.php\/wp-json\/wp\/v2\/media?parent=30"}],"curies":[{"name":"wp","href":"https:\/\/api.w.org\/{rel}","templated":true}]}}