{"id":295,"date":"2024-05-20T22:05:38","date_gmt":"2024-05-20T20:05:38","guid":{"rendered":"http:\/\/www.stmreflexologie.com\/?page_id=295"},"modified":"2024-05-22T07:57:48","modified_gmt":"2024-05-22T05:57:48","slug":"mes-prestations","status":"publish","type":"page","link":"https:\/\/www.stmreflexologie.com\/index.php\/mes-prestations\/","title":{"rendered":"Mes prestations"},"content":{"rendered":"<h2 style=\"text-align: center;\">Au cabinet, \u00e0 domicile ou sur votre lieu de vill\u00e9giature<\/h2>\n<table width=\"95%\">\n<tbody>\n<tr>\n<td>\n<h4 style=\"text-align: center;\"><strong>R\u00e9flexologie Cr\u00e2nio-Faciale<\/strong><\/h4>\n<p><a href=\".\/la-reflexologie-cranio-faciale\/\"><br \/>\n<img loading=\"lazy\" decoding=\"async\" class=\"wp-image-147 aligncenter\" src=\"https:\/\/www.stmreflexologie.com\/wp-content\/uploads\/2024\/05\/IMG_0271-293x300.jpg\" alt=\"\" width=\"206\" height=\"220\" \/><\/a><\/p>\n<p style=\"text-align: center;\">\u00c9paules, nuque, t\u00eate et visage.<\/p>\n<p style=\"text-align: center;\">Un l\u00e2cher prise total<\/p>\n<\/td>\n<td>\n<h4 style=\"text-align: center;\"><strong>R\u00e9flexologie Plantaire<\/strong><\/h4>\n<p><a href=\".\/la-reflexologie-plantaire\/\"><br \/>\n<img loading=\"lazy\" decoding=\"async\" class=\" wp-image-228\" src=\"https:\/\/www.stmreflexologie.com\/wp-content\/uploads\/2024\/05\/jambes-femmes-pieds-nus-300x200.jpg\" alt=\"\" width=\"317\" height=\"220\" \/><\/a><\/p>\n<p style=\"text-align: center;\">Points r\u00e9flexes et massage des pieds.<\/p>\n<p style=\"text-align: center;\">D\u00e9tente assur\u00e9e<\/p>\n<\/td>\n<td>\n<h4 style=\"text-align: center;\"><strong>Kobido<\/strong><\/h4>\n<p><a href=\".\/le-massage-kobido\/\"><br \/>\n<img loading=\"lazy\" decoding=\"async\" class=\" wp-image-151\" src=\"https:\/\/www.stmreflexologie.com\/wp-content\/uploads\/2024\/05\/IMG_0272-300x198.jpg\" alt=\"\" width=\"324\" height=\"220\" \/><\/a><\/p>\n<p style=\"text-align: center;\">Massage liftant du visage.<\/p>\n<p style=\"text-align: center;\">Bien-\u00eatre et beaut\u00e9<\/p>\n<\/td>\n<\/tr>\n<\/tbody>\n<\/table>\n","protected":false},"excerpt":{"rendered":"<p>Au cabinet, \u00e0 domicile ou sur votre lieu de vill\u00e9giature R\u00e9flexologie Cr\u00e2nio-Faciale \u00c9paules, nuque, t\u00eate et visage. Un l\u00e2cher prise total R\u00e9flexologie Plantaire Points r\u00e9flexes et massage des pieds. D\u00e9tente &hellip; <\/p>\n","protected":false},"author":1,"featured_media":0,"parent":0,"menu_order":0,"comment_status":"closed","ping_status":"closed","template":"","meta":{"footnotes":""},"class_list":["post-295","page","type-page","status-publish","hentry"],"_links":{"self":[{"href":"https:\/\/www.stmreflexologie.com\/index.php\/wp-json\/wp\/v2\/pages\/295","targetHints":{"allow":["GET"]}}],"collection":[{"href":"https:\/\/www.stmreflexologie.com\/index.php\/wp-json\/wp\/v2\/pages"}],"about":[{"href":"https:\/\/www.stmreflexologie.com\/index.php\/wp-json\/wp\/v2\/types\/page"}],"author":[{"embeddable":true,"href":"https:\/\/www.stmreflexologie.com\/index.php\/wp-json\/wp\/v2\/users\/1"}],"replies":[{"embeddable":true,"href":"https:\/\/www.stmreflexologie.com\/index.php\/wp-json\/wp\/v2\/comments?post=295"}],"version-history":[{"count":17,"href":"https:\/\/www.stmreflexologie.com\/index.php\/wp-json\/wp\/v2\/pages\/295\/revisions"}],"predecessor-version":[{"id":337,"href":"https:\/\/www.stmreflexologie.com\/index.php\/wp-json\/wp\/v2\/pages\/295\/revisions\/337"}],"wp:attachment":[{"href":"https:\/\/www.stmreflexologie.com\/index.php\/wp-json\/wp\/v2\/media?parent=295"}],"curies":[{"name":"wp","href":"https:\/\/api.w.org\/{rel}","templated":true}]}}