{"id":282,"date":"2024-05-17T20:03:45","date_gmt":"2024-05-17T18:03:45","guid":{"rendered":"http:\/\/www.stmreflexologie.com\/?page_id=282"},"modified":"2024-05-20T22:48:05","modified_gmt":"2024-05-20T20:48:05","slug":"le-cabinet","status":"publish","type":"page","link":"https:\/\/www.stmreflexologie.com\/index.php\/le-cabinet\/","title":{"rendered":"Le cabinet"},"content":{"rendered":"<p>Les lundi et vendredi apr\u00e8s-midi, je pratique \u00e9galement au cabinet Inspire.<\/p>\n<p>82 rue Eug\u00e8ne Colas, \u00e0 Deauville.<\/p>\n<p>En face de la mairie !<\/p>\n<p>V\u00e9ritable lieu de bien-\u00eatre, le cabinet vous propose aussi :<\/p>\n<ul>\n<li>du yoga<\/li>\n<li>des massages<\/li>\n<li>du reiki<\/li>\n<li>de l&rsquo;hypnose<\/li>\n<\/ul>\n<p>Avec mes consoeurs Vanessa D. et St\u00e9phanie S.<\/p>\n<p><img loading=\"lazy\" decoding=\"async\" class=\"wp-image-318 alignleft\" src=\"http:\/\/stmrefs.cluster029.hosting.ovh.net\/wp-content\/uploads\/2024\/05\/Affiche_cabinet-169x300.png\" alt=\"\" width=\"499\" height=\"886\" srcset=\"https:\/\/www.stmreflexologie.com\/wp-content\/uploads\/2024\/05\/Affiche_cabinet-169x300.png 169w, https:\/\/www.stmreflexologie.com\/wp-content\/uploads\/2024\/05\/Affiche_cabinet-576x1024.png 576w, https:\/\/www.stmreflexologie.com\/wp-content\/uploads\/2024\/05\/Affiche_cabinet-34x60.png 34w\" sizes=\"auto, (max-width: 499px) 100vw, 499px\" \/><\/p>\n<p>&nbsp;<\/p>\n","protected":false},"excerpt":{"rendered":"<p>Les lundi et vendredi apr\u00e8s-midi, je pratique \u00e9galement au cabinet Inspire. 82 rue Eug\u00e8ne Colas, \u00e0 Deauville. En face de la mairie ! V\u00e9ritable lieu de bien-\u00eatre, le cabinet vous &hellip; <\/p>\n","protected":false},"author":1,"featured_media":0,"parent":0,"menu_order":0,"comment_status":"closed","ping_status":"closed","template":"","meta":{"footnotes":""},"class_list":["post-282","page","type-page","status-publish","hentry"],"_links":{"self":[{"href":"https:\/\/www.stmreflexologie.com\/index.php\/wp-json\/wp\/v2\/pages\/282","targetHints":{"allow":["GET"]}}],"collection":[{"href":"https:\/\/www.stmreflexologie.com\/index.php\/wp-json\/wp\/v2\/pages"}],"about":[{"href":"https:\/\/www.stmreflexologie.com\/index.php\/wp-json\/wp\/v2\/types\/page"}],"author":[{"embeddable":true,"href":"https:\/\/www.stmreflexologie.com\/index.php\/wp-json\/wp\/v2\/users\/1"}],"replies":[{"embeddable":true,"href":"https:\/\/www.stmreflexologie.com\/index.php\/wp-json\/wp\/v2\/comments?post=282"}],"version-history":[{"count":8,"href":"https:\/\/www.stmreflexologie.com\/index.php\/wp-json\/wp\/v2\/pages\/282\/revisions"}],"predecessor-version":[{"id":326,"href":"https:\/\/www.stmreflexologie.com\/index.php\/wp-json\/wp\/v2\/pages\/282\/revisions\/326"}],"wp:attachment":[{"href":"https:\/\/www.stmreflexologie.com\/index.php\/wp-json\/wp\/v2\/media?parent=282"}],"curies":[{"name":"wp","href":"https:\/\/api.w.org\/{rel}","templated":true}]}}