{"id":278,"date":"2024-05-17T19:51:53","date_gmt":"2024-05-17T17:51:53","guid":{"rendered":"http:\/\/www.stmreflexologie.com\/?page_id=278"},"modified":"2024-05-20T22:34:45","modified_gmt":"2024-05-20T20:34:45","slug":"la-reflexologie-plantaire","status":"publish","type":"page","link":"https:\/\/www.stmreflexologie.com\/index.php\/la-reflexologie-plantaire\/","title":{"rendered":"La r\u00e9flexologie plantaire"},"content":{"rendered":"<p>Forts de leurs 7200 terminaisons nerveuses, nos pieds poss\u00e8dent une v\u00e9ritable cartographie correspondant \u00e0 tous les organes, glandes et parties du corps.<\/p>\n<p>Une s\u00e9ance de r\u00e9flexologie plantaire dure une heure, confortablement install\u00e9.e dans un fauteuil relax. Musique douce et huiles parfum\u00e9es ou neutres.<\/p>\n<p>Apr\u00e8s un rapide entretien sur votre sant\u00e9 et vos attentes, je d\u00e9bute la s\u00e9ance par des manoeuvres de d\u00e9tente sur les 2 pieds, puis je travaille selon un protocole pr\u00e9cis, affin\u00e9 en fonction de vos besoins.<\/p>\n<p><img loading=\"lazy\" decoding=\"async\" class=\"wp-image-8 alignright\" src=\"http:\/\/stmrefs.cluster029.hosting.ovh.net\/wp-content\/uploads\/2020\/10\/IMG_3708-300x197.jpg\" alt=\"\" width=\"719\" height=\"472\" srcset=\"https:\/\/www.stmreflexologie.com\/wp-content\/uploads\/2020\/10\/IMG_3708-300x197.jpg 300w, https:\/\/www.stmreflexologie.com\/wp-content\/uploads\/2020\/10\/IMG_3708-1024x674.jpg 1024w, https:\/\/www.stmreflexologie.com\/wp-content\/uploads\/2020\/10\/IMG_3708-768x505.jpg 768w, https:\/\/www.stmreflexologie.com\/wp-content\/uploads\/2020\/10\/IMG_3708.jpg 1444w\" sizes=\"auto, (max-width: 719px) 100vw, 719px\" \/><\/p>\n<p>Une s\u00e9ance tout en \u00e9changes ou tout en silence, c&rsquo;est vous qui choisissez. La meilleure s\u00e9ance est celle dont vous avez besoin !<\/p>\n<p>&nbsp;<\/p>\n<p>En entretien d&rsquo;une bonne sant\u00e9 ou en soutien \u00e0 des maux d\u00e9j\u00e0 install\u00e9s, la r\u00e9flexologie aide \u00e0 apaiser :<\/p>\n<ul>\n<li>le stress &amp; l&rsquo;anxi\u00e9t\u00e9<\/li>\n<li>le sommeil<\/li>\n<li>la digestion<\/li>\n<li>am\u00e9liore la circulation sanguine et lymphatique<\/li>\n<li>renforce le syst\u00e8me immunitaire<\/li>\n<li>soulage les troubles hormonaux<\/li>\n<\/ul>\n<p>LA REFLEXOLOGIE N&rsquo;EST PAS UN TRAITEMENT MEDICAL ET N&rsquo;ENTEND PAS S&rsquo;Y SUBSTITUER.<\/p>\n<p>C&rsquo;EST UNE PRATIQUE D&rsquo;ACCOMPAGNEMENT COMPLEMENTAIRE, UN SOIN DE SUPPORT POUR VOUS APPORTER DU CONFORT.<\/p>\n","protected":false},"excerpt":{"rendered":"<p>Forts de leurs 7200 terminaisons nerveuses, nos pieds poss\u00e8dent une v\u00e9ritable cartographie correspondant \u00e0 tous les organes, glandes et parties du corps. Une s\u00e9ance de r\u00e9flexologie plantaire dure une heure, &hellip; <\/p>\n","protected":false},"author":1,"featured_media":0,"parent":0,"menu_order":0,"comment_status":"closed","ping_status":"closed","template":"","meta":{"footnotes":""},"class_list":["post-278","page","type-page","status-publish","hentry"],"_links":{"self":[{"href":"https:\/\/www.stmreflexologie.com\/index.php\/wp-json\/wp\/v2\/pages\/278","targetHints":{"allow":["GET"]}}],"collection":[{"href":"https:\/\/www.stmreflexologie.com\/index.php\/wp-json\/wp\/v2\/pages"}],"about":[{"href":"https:\/\/www.stmreflexologie.com\/index.php\/wp-json\/wp\/v2\/types\/page"}],"author":[{"embeddable":true,"href":"https:\/\/www.stmreflexologie.com\/index.php\/wp-json\/wp\/v2\/users\/1"}],"replies":[{"embeddable":true,"href":"https:\/\/www.stmreflexologie.com\/index.php\/wp-json\/wp\/v2\/comments?post=278"}],"version-history":[{"count":3,"href":"https:\/\/www.stmreflexologie.com\/index.php\/wp-json\/wp\/v2\/pages\/278\/revisions"}],"predecessor-version":[{"id":317,"href":"https:\/\/www.stmreflexologie.com\/index.php\/wp-json\/wp\/v2\/pages\/278\/revisions\/317"}],"wp:attachment":[{"href":"https:\/\/www.stmreflexologie.com\/index.php\/wp-json\/wp\/v2\/media?parent=278"}],"curies":[{"name":"wp","href":"https:\/\/api.w.org\/{rel}","templated":true}]}}