{"id":157,"date":"2024-05-14T15:18:49","date_gmt":"2024-05-14T13:18:49","guid":{"rendered":"http:\/\/www.stmreflexologie.com\/?page_id=157"},"modified":"2024-05-14T15:45:27","modified_gmt":"2024-05-14T13:45:27","slug":"carte-cadeau-a-offrir","status":"publish","type":"page","link":"https:\/\/www.stmreflexologie.com\/index.php\/carte-cadeau-a-offrir\/","title":{"rendered":"Carte cadeau \u00e0 offrir&#8230; ou se faire offrir !"},"content":{"rendered":"<p>Offrez \u00e0 vos proches un cadeau original et qui saura leur dire\u00a0: prends soin de toi.<\/p>\n<p>Pour cela, il existe la carte cadeau num\u00e9rique, \u00e0 imprimer, avec paiement en ligne s\u00e9curis\u00e9.<\/p>\n<p><img loading=\"lazy\" decoding=\"async\" class=\"size-full wp-image-158\" src=\"http:\/\/stmrefs.cluster029.hosting.ovh.net\/wp-content\/uploads\/2024\/05\/0957E81E-67AE-4AD1-9290-FD1A9E328249.jpg\" alt=\"\" width=\"750\" height=\"463\" srcset=\"https:\/\/www.stmreflexologie.com\/wp-content\/uploads\/2024\/05\/0957E81E-67AE-4AD1-9290-FD1A9E328249.jpg 750w, https:\/\/www.stmreflexologie.com\/wp-content\/uploads\/2024\/05\/0957E81E-67AE-4AD1-9290-FD1A9E328249-300x185.jpg 300w\" sizes=\"auto, (max-width: 750px) 100vw, 750px\" \/><\/p>\n","protected":false},"excerpt":{"rendered":"<p>Offrez \u00e0 vos proches un cadeau original et qui saura leur dire\u00a0: prends soin de toi. Pour cela, il existe la carte cadeau num\u00e9rique, \u00e0 imprimer, avec paiement en ligne &hellip; <\/p>\n","protected":false},"author":1,"featured_media":0,"parent":0,"menu_order":0,"comment_status":"closed","ping_status":"closed","template":"","meta":{"footnotes":""},"class_list":["post-157","page","type-page","status-publish","hentry"],"_links":{"self":[{"href":"https:\/\/www.stmreflexologie.com\/index.php\/wp-json\/wp\/v2\/pages\/157","targetHints":{"allow":["GET"]}}],"collection":[{"href":"https:\/\/www.stmreflexologie.com\/index.php\/wp-json\/wp\/v2\/pages"}],"about":[{"href":"https:\/\/www.stmreflexologie.com\/index.php\/wp-json\/wp\/v2\/types\/page"}],"author":[{"embeddable":true,"href":"https:\/\/www.stmreflexologie.com\/index.php\/wp-json\/wp\/v2\/users\/1"}],"replies":[{"embeddable":true,"href":"https:\/\/www.stmreflexologie.com\/index.php\/wp-json\/wp\/v2\/comments?post=157"}],"version-history":[{"count":4,"href":"https:\/\/www.stmreflexologie.com\/index.php\/wp-json\/wp\/v2\/pages\/157\/revisions"}],"predecessor-version":[{"id":169,"href":"https:\/\/www.stmreflexologie.com\/index.php\/wp-json\/wp\/v2\/pages\/157\/revisions\/169"}],"wp:attachment":[{"href":"https:\/\/www.stmreflexologie.com\/index.php\/wp-json\/wp\/v2\/media?parent=157"}],"curies":[{"name":"wp","href":"https:\/\/api.w.org\/{rel}","templated":true}]}}