{"id":149,"date":"2024-05-14T15:07:42","date_gmt":"2024-05-14T13:07:42","guid":{"rendered":"http:\/\/www.stmreflexologie.com\/?page_id=149"},"modified":"2024-05-20T22:33:49","modified_gmt":"2024-05-20T20:33:49","slug":"le-massage-kobido","status":"publish","type":"page","link":"https:\/\/www.stmreflexologie.com\/index.php\/le-massage-kobido\/","title":{"rendered":"Le massage Kobido"},"content":{"rendered":"<p>Le kobido est un massage ancestral japonais du visage, liftant et anti-rides par excellence.<\/p>\n<p>Un soin d\u2019une heure, \u00e0 l\u2019huile de s\u00e9same, sur les \u00e9paules, la nuque et particuli\u00e8rement le visage.<\/p>\n<p>C\u2019est un enchainement de plusieurs techniques\u00a0: pressions, lissages, percussions, frottements, pincements et m\u00e9ridiens.<\/p>\n<p>Un soin beaut\u00e9 extr\u00eamement relaxant.<\/p>\n<p>Un visage repulp\u00e9, effet liftant et bonne mine\u00a0!<\/p>\n<p><img loading=\"lazy\" decoding=\"async\" class=\"size-full wp-image-151\" src=\"http:\/\/stmrefs.cluster029.hosting.ovh.net\/wp-content\/uploads\/2024\/05\/IMG_0272.jpg\" alt=\"\" width=\"750\" height=\"494\" srcset=\"https:\/\/www.stmreflexologie.com\/wp-content\/uploads\/2024\/05\/IMG_0272.jpg 750w, https:\/\/www.stmreflexologie.com\/wp-content\/uploads\/2024\/05\/IMG_0272-300x198.jpg 300w\" sizes=\"auto, (max-width: 750px) 100vw, 750px\" \/><\/p>\n","protected":false},"excerpt":{"rendered":"<p>Le kobido est un massage ancestral japonais du visage, liftant et anti-rides par excellence. Un soin d\u2019une heure, \u00e0 l\u2019huile de s\u00e9same, sur les \u00e9paules, la nuque et particuli\u00e8rement le &hellip; <\/p>\n","protected":false},"author":1,"featured_media":0,"parent":0,"menu_order":0,"comment_status":"closed","ping_status":"closed","template":"","meta":{"footnotes":""},"class_list":["post-149","page","type-page","status-publish","hentry"],"_links":{"self":[{"href":"https:\/\/www.stmreflexologie.com\/index.php\/wp-json\/wp\/v2\/pages\/149","targetHints":{"allow":["GET"]}}],"collection":[{"href":"https:\/\/www.stmreflexologie.com\/index.php\/wp-json\/wp\/v2\/pages"}],"about":[{"href":"https:\/\/www.stmreflexologie.com\/index.php\/wp-json\/wp\/v2\/types\/page"}],"author":[{"embeddable":true,"href":"https:\/\/www.stmreflexologie.com\/index.php\/wp-json\/wp\/v2\/users\/1"}],"replies":[{"embeddable":true,"href":"https:\/\/www.stmreflexologie.com\/index.php\/wp-json\/wp\/v2\/comments?post=149"}],"version-history":[{"count":2,"href":"https:\/\/www.stmreflexologie.com\/index.php\/wp-json\/wp\/v2\/pages\/149\/revisions"}],"predecessor-version":[{"id":316,"href":"https:\/\/www.stmreflexologie.com\/index.php\/wp-json\/wp\/v2\/pages\/149\/revisions\/316"}],"wp:attachment":[{"href":"https:\/\/www.stmreflexologie.com\/index.php\/wp-json\/wp\/v2\/media?parent=149"}],"curies":[{"name":"wp","href":"https:\/\/api.w.org\/{rel}","templated":true}]}}