{"id":102,"date":"2022-09-24T16:16:21","date_gmt":"2022-09-24T14:16:21","guid":{"rendered":"http:\/\/www.stmreflexologie.com\/?page_id=102"},"modified":"2024-05-14T15:37:09","modified_gmt":"2024-05-14T13:37:09","slug":"reflexoplage","status":"publish","type":"page","link":"https:\/\/www.stmreflexologie.com\/index.php\/reflexoplage\/","title":{"rendered":"R\u00e9flexoplage !"},"content":{"rendered":"<p>Sur la plage de Tourg\u00e9ville (\u00e0 c\u00f4t\u00e9 du restaurant \u00ab\u00a0La paillote\u00a0\u00bb), retrouvez moi tous les \u00e9t\u00e9s, pour des s\u00e9ances d\u00e9couvertes de 30 minutes de r\u00e9flexologie plantaire, palmaire, cranio-faciale et de massage kobido.<\/p>\n<p>Un cadre idyllique pour un moment d&rsquo;exception et de d\u00e9tente au son des vagues.<\/p>\n<p>Et c&rsquo;est sans rendez-vous !<\/p>\n<p>Cela \u00e9tant fonction de la m\u00e9t\u00e9o, n&rsquo;h\u00e9sitez pas \u00e0 m&rsquo;appeler ou m&rsquo;envoyer un message pour vous assurer de ma pr\u00e9sence sur la plage.<\/p>\n<p style=\"text-align: center;\"><em>Les s\u00e9ances \u00e0 domicile sont bien s\u00fbr maintenues tout au long de l&rsquo;\u00e9t\u00e9 !<\/em><\/p>\n<p><img loading=\"lazy\" decoding=\"async\" class=\"alignnone size-full wp-image-100\" src=\"http:\/\/stmrefs.cluster029.hosting.ovh.net\/wp-content\/uploads\/2022\/09\/IMG_2548.jpg\" alt=\"\" width=\"1685\" height=\"1561\" srcset=\"https:\/\/www.stmreflexologie.com\/wp-content\/uploads\/2022\/09\/IMG_2548.jpg 1685w, https:\/\/www.stmreflexologie.com\/wp-content\/uploads\/2022\/09\/IMG_2548-300x278.jpg 300w, https:\/\/www.stmreflexologie.com\/wp-content\/uploads\/2022\/09\/IMG_2548-1024x949.jpg 1024w, https:\/\/www.stmreflexologie.com\/wp-content\/uploads\/2022\/09\/IMG_2548-768x711.jpg 768w, https:\/\/www.stmreflexologie.com\/wp-content\/uploads\/2022\/09\/IMG_2548-1536x1423.jpg 1536w\" sizes=\"auto, (max-width: 1685px) 100vw, 1685px\" \/><\/p>\n","protected":false},"excerpt":{"rendered":"<p>Sur la plage de Tourg\u00e9ville (\u00e0 c\u00f4t\u00e9 du restaurant \u00ab\u00a0La paillote\u00a0\u00bb), retrouvez moi tous les \u00e9t\u00e9s, pour des s\u00e9ances d\u00e9couvertes de 30 minutes de r\u00e9flexologie plantaire, palmaire, cranio-faciale et de &hellip; <\/p>\n","protected":false},"author":1,"featured_media":0,"parent":0,"menu_order":0,"comment_status":"closed","ping_status":"closed","template":"","meta":{"footnotes":""},"class_list":["post-102","page","type-page","status-publish","hentry"],"_links":{"self":[{"href":"https:\/\/www.stmreflexologie.com\/index.php\/wp-json\/wp\/v2\/pages\/102","targetHints":{"allow":["GET"]}}],"collection":[{"href":"https:\/\/www.stmreflexologie.com\/index.php\/wp-json\/wp\/v2\/pages"}],"about":[{"href":"https:\/\/www.stmreflexologie.com\/index.php\/wp-json\/wp\/v2\/types\/page"}],"author":[{"embeddable":true,"href":"https:\/\/www.stmreflexologie.com\/index.php\/wp-json\/wp\/v2\/users\/1"}],"replies":[{"embeddable":true,"href":"https:\/\/www.stmreflexologie.com\/index.php\/wp-json\/wp\/v2\/comments?post=102"}],"version-history":[{"count":4,"href":"https:\/\/www.stmreflexologie.com\/index.php\/wp-json\/wp\/v2\/pages\/102\/revisions"}],"predecessor-version":[{"id":167,"href":"https:\/\/www.stmreflexologie.com\/index.php\/wp-json\/wp\/v2\/pages\/102\/revisions\/167"}],"wp:attachment":[{"href":"https:\/\/www.stmreflexologie.com\/index.php\/wp-json\/wp\/v2\/media?parent=102"}],"curies":[{"name":"wp","href":"https:\/\/api.w.org\/{rel}","templated":true}]}}